{"id":25,"date":"2015-12-07T17:31:41","date_gmt":"2015-12-07T16:31:41","guid":{"rendered":"http:\/\/osteo-emelinegarcia.fr\/?page_id=25"},"modified":"2015-12-13T12:34:37","modified_gmt":"2015-12-13T11:34:37","slug":"losteopathie-pour-qui","status":"publish","type":"page","link":"https:\/\/osteo-emelinegarcia.fr\/index.php\/losteopathie-pour-qui\/","title":{"rendered":"L&rsquo;ost\u00e9opathie pour qui ?"},"content":{"rendered":"<p style=\"text-align: center;\"><span style=\"text-decoration: underline; color: #808080;\"><em>L&rsquo;ost\u00e9opathie \u00e0 tout \u00e2ge :<\/em><\/span><\/p>\n<p><strong>Le Nourrisson<\/strong><\/p>\n<p style=\"text-align: justify;\">D\u00e8s le d\u00e9but de la vie, des contraintes peuvent perturber l&rsquo;\u00e9tat de sant\u00e9 du nourrisson et ainsi provoquer certains troubles (difficult\u00e9s de succion, de digestion comme les coliques ou les reflux, sommeil agit\u00e9, troubles du comportement, de la posture, plagio-c\u00e9phalies&#8230;). Il est conseill\u00e9 de les traiter en ost\u00e9opathie d\u00e8s que possible, quelque soit le contexte d&rsquo;accouchement, afin de diminuer et de limiter l&rsquo;impact \u00e0 long terme de ces alt\u00e9rations.<\/p>\n<p style=\"text-align: justify;\"><strong>La Femme enceinte<\/strong><\/p>\n<p style=\"text-align: justify;\">Les grands changements hormonaux et physiques sont \u00e0 l&rsquo;origine de d\u00e9s\u00e9quilibres corporels chez la femme enceinte. Mal de dos, sciatiques, reflux, douleurs de bassin&#8230; sont des sympt\u00f4mes susceptibles d&rsquo;apparaitre ou d&rsquo;\u00eatre aggrav\u00e9s pendant cette p\u00e9riode. L&rsquo;accompagnement par l&rsquo;ost\u00e9opathe tout au long de la grossesse permettra de limiter les douleurs, l&rsquo;aidera \u00e0 vivre ces mois avec plus d&rsquo;aisance et contribuera \u00e0 l&rsquo;aider \u00e0 pr\u00e9parer l&rsquo;accouchement. Un suivi post-partum est conseill\u00e9 afin d&rsquo;aider la femme \u00e0 retrouver une bonne mobilit\u00e9 globale.<\/p>\n<p style=\"text-align: justify;\"><strong>L&rsquo;enfant et l&rsquo;adolescent<\/strong><\/p>\n<p style=\"text-align: justify;\">L&rsquo;ost\u00e9opathe accompagne les enfants dans leur croissance : en effet il veille \u00e0 limiter l&rsquo;impact des contraintes issues des postures r\u00e9p\u00e9titives et des activit\u00e9s pratiqu\u00e9es. Soins orthop\u00e9diques ou orthodontiques m\u00e9ritent un suivi ost\u00e9opathique car les modifications posturales sont importantes. C&rsquo;est donc dans une d\u00e9marche de pr\u00e9vention de l&rsquo;apparition de troubles ou bien dans une d\u00e9marche th\u00e9rapeutique (scoliose, p\u00e9riostites, traumatismes, hyperactivit\u00e9&#8230;.) qu&rsquo;intervient l&rsquo;ost\u00e9opathe afin de pr\u00e9server le capital sant\u00e9 de ces futurs adultes.<\/p>\n<p style=\"text-align: justify;\"><strong>Le sportif<\/strong><\/p>\n<p style=\"text-align: justify;\">L&rsquo;activit\u00e9 physique fait subir au corps des contraintes localis\u00e9es et r\u00e9p\u00e9t\u00e9es qui alt\u00e8rent l&rsquo;\u00e9tat de sant\u00e9 et les performances sportives. Le maintien de la qualit\u00e9 de vie tissulaire et de l&rsquo;\u00e9quilibre corporel permet d&rsquo;accompagner le sportif dans sa pratique. L&rsquo;ost\u00e9opathe est donc un alli\u00e9 qui aidera le sportif \u00e0 mieux comprendre ses limites et qui compl\u00e8tera la prise en charge des autres th\u00e9rapeutes dans la r\u00e9mission des traumatismes\u00a0(entorses, tendinites&#8230;).<\/p>\n<p style=\"text-align: justify;\"><strong>L&rsquo;adulte et la personne \u00e2g\u00e9e<\/strong><\/p>\n<p style=\"text-align: justify;\">L&rsquo;histoire de vie de chacun peut \u00eatre riche de traumatismes, de pathologies et d&rsquo;autres contraintes. Le corps\u00a0s&rsquo;adapte, cependant \u00e0 plus ou moins long terme, lorsque ce syst\u00e8me est \u00e9puis\u00e9, des sympt\u00f4mes peuvent apparaitre (troubles, douleurs&#8230;). La prise en charge globale et assez unique de l&rsquo;ost\u00e9opathe permet de faire la synth\u00e8se de l&rsquo;\u00e9tat de sant\u00e9 du patient. Elle permet de limiter les s\u00e9quelles afin de pr\u00e9server le capital sant\u00e9 tout au long de la vie.<\/p>\n<p style=\"text-align: justify;\">\n","protected":false},"excerpt":{"rendered":"<p>L&rsquo;ost\u00e9opathie \u00e0 tout \u00e2ge : Le Nourrisson D\u00e8s le d\u00e9but de la vie, des contraintes peuvent perturber l&rsquo;\u00e9tat de sant\u00e9 du nourrisson et ainsi provoquer certains troubles (difficult\u00e9s de succion, de digestion comme les coliques ou les reflux, sommeil agit\u00e9, troubles du comportement, de la posture, plagio-c\u00e9phalies&#8230;). Il est conseill\u00e9 de les traiter en ost\u00e9opathie [&hellip;]<\/p>\n","protected":false},"author":1,"featured_media":0,"parent":0,"menu_order":0,"comment_status":"closed","ping_status":"closed","template":"","meta":[],"yoast_head":"<!-- This site is optimized with the Yoast SEO plugin v17.0 - https:\/\/yoast.com\/wordpress\/plugins\/seo\/ -->\n<title>L&#039;ost\u00e9opathie pour qui ? - Emeline Martin Garcia Ost\u00e9opathe DO<\/title>\n<meta name=\"robots\" content=\"index, follow, max-snippet:-1, max-image-preview:large, max-video-preview:-1\" \/>\n<link rel=\"canonical\" href=\"https:\/\/osteo-emelinegarcia.fr\/index.php\/losteopathie-pour-qui\/\" \/>\n<meta property=\"og:locale\" content=\"fr_FR\" \/>\n<meta property=\"og:type\" content=\"article\" \/>\n<meta property=\"og:title\" content=\"L&#039;ost\u00e9opathie pour qui ? - Emeline Martin Garcia Ost\u00e9opathe DO\" \/>\n<meta property=\"og:description\" content=\"L&rsquo;ost\u00e9opathie \u00e0 tout \u00e2ge : Le Nourrisson D\u00e8s le d\u00e9but de la vie, des contraintes peuvent perturber l&rsquo;\u00e9tat de sant\u00e9 du nourrisson et ainsi provoquer certains troubles (difficult\u00e9s de succion, de digestion comme les coliques ou les reflux, sommeil agit\u00e9, troubles du comportement, de la posture, plagio-c\u00e9phalies&#8230;). Il est conseill\u00e9 de les traiter en ost\u00e9opathie [&hellip;]\" \/>\n<meta property=\"og:url\" content=\"https:\/\/osteo-emelinegarcia.fr\/index.php\/losteopathie-pour-qui\/\" \/>\n<meta property=\"og:site_name\" content=\"Emeline Martin Garcia Ost\u00e9opathe DO\" \/>\n<meta property=\"article:modified_time\" content=\"2015-12-13T11:34:37+00:00\" \/>\n<meta name=\"twitter:card\" content=\"summary\" \/>\n<meta name=\"twitter:label1\" content=\"Dur\u00e9e de lecture est.\" \/>\n\t<meta name=\"twitter:data1\" content=\"2 minutes\" \/>\n<script type=\"application\/ld+json\" class=\"yoast-schema-graph\">{\"@context\":\"https:\/\/schema.org\",\"@graph\":[{\"@type\":\"WebSite\",\"@id\":\"https:\/\/osteo-emelinegarcia.fr\/#website\",\"url\":\"https:\/\/osteo-emelinegarcia.fr\/\",\"name\":\"Emeline Martin Garcia Ost\\u00e9opathe DO\",\"description\":\"\",\"potentialAction\":[{\"@type\":\"SearchAction\",\"target\":{\"@type\":\"EntryPoint\",\"urlTemplate\":\"https:\/\/osteo-emelinegarcia.fr\/?s={search_term_string}\"},\"query-input\":\"required name=search_term_string\"}],\"inLanguage\":\"fr-FR\"},{\"@type\":\"WebPage\",\"@id\":\"https:\/\/osteo-emelinegarcia.fr\/index.php\/losteopathie-pour-qui\/#webpage\",\"url\":\"https:\/\/osteo-emelinegarcia.fr\/index.php\/losteopathie-pour-qui\/\",\"name\":\"L'ost\\u00e9opathie pour qui ? - Emeline Martin Garcia Ost\\u00e9opathe DO\",\"isPartOf\":{\"@id\":\"https:\/\/osteo-emelinegarcia.fr\/#website\"},\"datePublished\":\"2015-12-07T16:31:41+00:00\",\"dateModified\":\"2015-12-13T11:34:37+00:00\",\"breadcrumb\":{\"@id\":\"https:\/\/osteo-emelinegarcia.fr\/index.php\/losteopathie-pour-qui\/#breadcrumb\"},\"inLanguage\":\"fr-FR\",\"potentialAction\":[{\"@type\":\"ReadAction\",\"target\":[\"https:\/\/osteo-emelinegarcia.fr\/index.php\/losteopathie-pour-qui\/\"]}]},{\"@type\":\"BreadcrumbList\",\"@id\":\"https:\/\/osteo-emelinegarcia.fr\/index.php\/losteopathie-pour-qui\/#breadcrumb\",\"itemListElement\":[{\"@type\":\"ListItem\",\"position\":1,\"name\":\"Accueil\",\"item\":\"https:\/\/osteo-emelinegarcia.fr\/\"},{\"@type\":\"ListItem\",\"position\":2,\"name\":\"L&rsquo;ost\\u00e9opathie pour qui ?\"}]}]}<\/script>\n<!-- \/ Yoast SEO plugin. -->","yoast_head_json":{"title":"L'ost\u00e9opathie pour qui ? - Emeline Martin Garcia Ost\u00e9opathe DO","robots":{"index":"index","follow":"follow","max-snippet":"max-snippet:-1","max-image-preview":"max-image-preview:large","max-video-preview":"max-video-preview:-1"},"canonical":"https:\/\/osteo-emelinegarcia.fr\/index.php\/losteopathie-pour-qui\/","og_locale":"fr_FR","og_type":"article","og_title":"L'ost\u00e9opathie pour qui ? - Emeline Martin Garcia Ost\u00e9opathe DO","og_description":"L&rsquo;ost\u00e9opathie \u00e0 tout \u00e2ge : Le Nourrisson D\u00e8s le d\u00e9but de la vie, des contraintes peuvent perturber l&rsquo;\u00e9tat de sant\u00e9 du nourrisson et ainsi provoquer certains troubles (difficult\u00e9s de succion, de digestion comme les coliques ou les reflux, sommeil agit\u00e9, troubles du comportement, de la posture, plagio-c\u00e9phalies&#8230;). Il est conseill\u00e9 de les traiter en ost\u00e9opathie [&hellip;]","og_url":"https:\/\/osteo-emelinegarcia.fr\/index.php\/losteopathie-pour-qui\/","og_site_name":"Emeline Martin Garcia Ost\u00e9opathe DO","article_modified_time":"2015-12-13T11:34:37+00:00","twitter_card":"summary","twitter_misc":{"Dur\u00e9e de lecture est.":"2 minutes"},"schema":{"@context":"https:\/\/schema.org","@graph":[{"@type":"WebSite","@id":"https:\/\/osteo-emelinegarcia.fr\/#website","url":"https:\/\/osteo-emelinegarcia.fr\/","name":"Emeline Martin Garcia Ost\u00e9opathe DO","description":"","potentialAction":[{"@type":"SearchAction","target":{"@type":"EntryPoint","urlTemplate":"https:\/\/osteo-emelinegarcia.fr\/?s={search_term_string}"},"query-input":"required name=search_term_string"}],"inLanguage":"fr-FR"},{"@type":"WebPage","@id":"https:\/\/osteo-emelinegarcia.fr\/index.php\/losteopathie-pour-qui\/#webpage","url":"https:\/\/osteo-emelinegarcia.fr\/index.php\/losteopathie-pour-qui\/","name":"L'ost\u00e9opathie pour qui ? - Emeline Martin Garcia Ost\u00e9opathe DO","isPartOf":{"@id":"https:\/\/osteo-emelinegarcia.fr\/#website"},"datePublished":"2015-12-07T16:31:41+00:00","dateModified":"2015-12-13T11:34:37+00:00","breadcrumb":{"@id":"https:\/\/osteo-emelinegarcia.fr\/index.php\/losteopathie-pour-qui\/#breadcrumb"},"inLanguage":"fr-FR","potentialAction":[{"@type":"ReadAction","target":["https:\/\/osteo-emelinegarcia.fr\/index.php\/losteopathie-pour-qui\/"]}]},{"@type":"BreadcrumbList","@id":"https:\/\/osteo-emelinegarcia.fr\/index.php\/losteopathie-pour-qui\/#breadcrumb","itemListElement":[{"@type":"ListItem","position":1,"name":"Accueil","item":"https:\/\/osteo-emelinegarcia.fr\/"},{"@type":"ListItem","position":2,"name":"L&rsquo;ost\u00e9opathie pour qui ?"}]}]}},"_links":{"self":[{"href":"https:\/\/osteo-emelinegarcia.fr\/index.php\/wp-json\/wp\/v2\/pages\/25"}],"collection":[{"href":"https:\/\/osteo-emelinegarcia.fr\/index.php\/wp-json\/wp\/v2\/pages"}],"about":[{"href":"https:\/\/osteo-emelinegarcia.fr\/index.php\/wp-json\/wp\/v2\/types\/page"}],"author":[{"embeddable":true,"href":"https:\/\/osteo-emelinegarcia.fr\/index.php\/wp-json\/wp\/v2\/users\/1"}],"replies":[{"embeddable":true,"href":"https:\/\/osteo-emelinegarcia.fr\/index.php\/wp-json\/wp\/v2\/comments?post=25"}],"version-history":[{"count":11,"href":"https:\/\/osteo-emelinegarcia.fr\/index.php\/wp-json\/wp\/v2\/pages\/25\/revisions"}],"predecessor-version":[{"id":122,"href":"https:\/\/osteo-emelinegarcia.fr\/index.php\/wp-json\/wp\/v2\/pages\/25\/revisions\/122"}],"wp:attachment":[{"href":"https:\/\/osteo-emelinegarcia.fr\/index.php\/wp-json\/wp\/v2\/media?parent=25"}],"curies":[{"name":"wp","href":"https:\/\/api.w.org\/{rel}","templated":true}]}}