{"id":2,"date":"2015-11-27T19:18:38","date_gmt":"2015-11-27T18:18:38","guid":{"rendered":"http:\/\/osteo-emelinegarcia.fr\/?page_id=2"},"modified":"2025-10-03T09:42:32","modified_gmt":"2025-10-03T08:42:32","slug":"consultation-tarif","status":"publish","type":"page","link":"https:\/\/osteo-emelinegarcia.fr\/index.php\/consultation-tarif\/","title":{"rendered":"La consultation &#8211; Tarifs"},"content":{"rendered":"<p style=\"text-align: justify;\"><strong>La consultation d&rsquo;ost\u00e9opathie<\/strong><\/p>\n<p style=\"text-align: justify;\">Lors de la\u00a0premi\u00e8re rencontre, votre ost\u00e9opathe r\u00e9alisera une <strong>anamn\u00e8se<\/strong>, c&rsquo;est \u00e0 dire un interrogatoire pouss\u00e9 qui lui permettra de faire la synth\u00e8se de votre \u00e9tat de sant\u00e9 : L&rsquo;historique des traumatismes, des pathologies et des contraintes diverses (travail, sports&#8230;) peut effectivement contribuer \u00e0 expliquer l&rsquo;apparition de vos sympt\u00f4mes.<\/p>\n<p style=\"text-align: justify;\">Votre ost\u00e9opathe, dans une d\u00e9marche de <strong>s\u00e9curit\u00e9 du patient<\/strong>,\u00a0analysera les examens compl\u00e9mentaires (imagerie, analyse&#8230;) qu&rsquo;il faudra donc lui pr\u00e9senter. Elle effectuera un examen clinique adapt\u00e9 afin d&rsquo;exclure tout danger, auquel cas, elle n&rsquo;h\u00e9sitera pas \u00e0 vous rediriger vers le corps m\u00e9dical concern\u00e9.<\/p>\n<p style=\"text-align: justify;\">Puis, s&rsquo;il n&rsquo;y a aucune contre-indication de prise en charge, elle pourra proc\u00e9der au<strong> bilan ost\u00e9opathique global<\/strong> compos\u00e9 de tests pr\u00e9cis sur le patient en sous-v\u00eatements. Cela\u00a0permettra de mettre en \u00e9vidence les espaces tissulaires alt\u00e9r\u00e9s \u00e0 traiter, correspondants ou non aux zones douloureuses.<\/p>\n<p style=\"text-align: justify;\">Enfin, apr\u00e8s une <strong>phase de traitements<\/strong> doux et adapt\u00e9s \u00e0 chacun, l&rsquo;ost\u00e9opathe pourra alors objectiver les changements gr\u00e2ce \u00e0 des tests sp\u00e9cifiques. Souvent, la posture est d\u00e9j\u00e0 modifi\u00e9e et observable par le patient lui-m\u00eame (ou les parents&#8230;).\u00a0Elle pourra \u00e9galement aussi vous donner des conseils ou des exercices afin d&rsquo;optimiser les am\u00e9liorations.<\/p>\n<p style=\"text-align: justify;\">La premi\u00e8re s\u00e9ance est donc plus longue et importante car permet \u00e0 l&rsquo;ost\u00e9opathe de renseigner votre dossier patient et sert de r\u00e9f\u00e9rence pour \u00e9valuer les progr\u00e8s. Elle dure en g\u00e9n\u00e9ral 1h15.<\/p>\n<p style=\"text-align: justify;\">Les consultations suivantes, dites de suivi, durent entre 45 min et 1h00 et se d\u00e9roulent de la m\u00eame mani\u00e8re afin de toujours garantir la s\u00e9curit\u00e9 de prise en charge. Cependant l&rsquo;accent est mis sur la phase th\u00e9rapeutique.<\/p>\n<p><strong>Le rythme des consultations<\/strong><\/p>\n<p>Selon les diff\u00e9rents cas, une ou plusieurs s\u00e9ances peuvent \u00eatre n\u00e9cessaires afin de r\u00e9soudre une probl\u00e9matique. Votre ost\u00e9opathe \u00e9valuera le rythme des s\u00e9ances \u00e0 effectuer pour un r\u00e9sultat optimal. Parfois, pour les nouveaux-n\u00e9s notamment, les consultations doivent \u00eatre rapproch\u00e9es.<\/p>\n<p>Dans une d\u00e9marche de pr\u00e9vention, il est recommand\u00e9 d&rsquo;effectuer une s\u00e9ance annuelle.<\/p>\n<p><strong>Les tarifs et\u00a0<\/strong><strong>remboursements<\/strong><\/p>\n<p>La consultation en cabinet est de 70\u20ac.<\/p>\n<p>La premi\u00e8re consultation, du fait de sa dur\u00e9e et de son importance, a un tarif forfaitaire de 80\u20ac \u00e0 90\u20ac.<\/p>\n<p>Un tarif pour les consultations duo m\u00e8re-nourrisson est appliqu\u00e9 \u00e0 110\u20ac et pour les jeunes enfants il est de 60\u20ac.<\/p>\n<p>La s\u00e9curit\u00e9 sociale ne rembourse pas les s\u00e9ances d&rsquo;ost\u00e9opathie, cependant la plupart des mutuelles le font. Renseignez-vous aupr\u00e8s de la v\u00f4tre ou bien sur le\u00a0<span style=\"color: #3366ff;\"><a style=\"color: #3366ff;\" href=\"http:\/\/www.osteopathie.org\/mutuelles.html\" target=\"_blank\" rel=\"noopener\">site du Registre des Ost\u00e9opathes de France (ROF)<\/a><\/span>.<\/p>\n<p>Une facture vous sera d\u00e9livr\u00e9e lors de chaque consultation afin de vous permettre de demander un remboursement par votre mutuelle.<\/p>\n","protected":false},"excerpt":{"rendered":"<p>La consultation d&rsquo;ost\u00e9opathie Lors de la\u00a0premi\u00e8re rencontre, votre ost\u00e9opathe r\u00e9alisera une anamn\u00e8se, c&rsquo;est \u00e0 dire un interrogatoire pouss\u00e9 qui lui permettra de faire la synth\u00e8se de votre \u00e9tat de sant\u00e9 : L&rsquo;historique des traumatismes, des pathologies et des contraintes diverses (travail, sports&#8230;) peut effectivement contribuer \u00e0 expliquer l&rsquo;apparition de vos sympt\u00f4mes. Votre ost\u00e9opathe, dans une [&hellip;]<\/p>\n","protected":false},"author":1,"featured_media":0,"parent":0,"menu_order":0,"comment_status":"closed","ping_status":"open","template":"","meta":[],"yoast_head":"<!-- This site is optimized with the Yoast SEO plugin v17.0 - https:\/\/yoast.com\/wordpress\/plugins\/seo\/ -->\n<title>La consultation - Tarifs - Emeline Martin Garcia Ost\u00e9opathe DO<\/title>\n<meta name=\"robots\" content=\"index, follow, max-snippet:-1, max-image-preview:large, max-video-preview:-1\" \/>\n<link rel=\"canonical\" href=\"https:\/\/osteo-emelinegarcia.fr\/index.php\/consultation-tarif\/\" \/>\n<meta property=\"og:locale\" content=\"fr_FR\" \/>\n<meta property=\"og:type\" content=\"article\" \/>\n<meta property=\"og:title\" content=\"La consultation - Tarifs - Emeline Martin Garcia Ost\u00e9opathe DO\" \/>\n<meta property=\"og:description\" content=\"La consultation d&rsquo;ost\u00e9opathie Lors de la\u00a0premi\u00e8re rencontre, votre ost\u00e9opathe r\u00e9alisera une anamn\u00e8se, c&rsquo;est \u00e0 dire un interrogatoire pouss\u00e9 qui lui permettra de faire la synth\u00e8se de votre \u00e9tat de sant\u00e9 : L&rsquo;historique des traumatismes, des pathologies et des contraintes diverses (travail, sports&#8230;) peut effectivement contribuer \u00e0 expliquer l&rsquo;apparition de vos sympt\u00f4mes. Votre ost\u00e9opathe, dans une [&hellip;]\" \/>\n<meta property=\"og:url\" content=\"https:\/\/osteo-emelinegarcia.fr\/index.php\/consultation-tarif\/\" \/>\n<meta property=\"og:site_name\" content=\"Emeline Martin Garcia Ost\u00e9opathe DO\" \/>\n<meta property=\"article:modified_time\" content=\"2025-10-03T08:42:32+00:00\" \/>\n<meta name=\"twitter:card\" content=\"summary\" \/>\n<meta name=\"twitter:label1\" content=\"Dur\u00e9e de lecture est.\" \/>\n\t<meta name=\"twitter:data1\" content=\"2 minutes\" \/>\n<script type=\"application\/ld+json\" class=\"yoast-schema-graph\">{\"@context\":\"https:\/\/schema.org\",\"@graph\":[{\"@type\":\"WebSite\",\"@id\":\"https:\/\/osteo-emelinegarcia.fr\/#website\",\"url\":\"https:\/\/osteo-emelinegarcia.fr\/\",\"name\":\"Emeline Martin Garcia Ost\\u00e9opathe DO\",\"description\":\"\",\"potentialAction\":[{\"@type\":\"SearchAction\",\"target\":{\"@type\":\"EntryPoint\",\"urlTemplate\":\"https:\/\/osteo-emelinegarcia.fr\/?s={search_term_string}\"},\"query-input\":\"required name=search_term_string\"}],\"inLanguage\":\"fr-FR\"},{\"@type\":\"WebPage\",\"@id\":\"https:\/\/osteo-emelinegarcia.fr\/index.php\/consultation-tarif\/#webpage\",\"url\":\"https:\/\/osteo-emelinegarcia.fr\/index.php\/consultation-tarif\/\",\"name\":\"La consultation - Tarifs - Emeline Martin Garcia Ost\\u00e9opathe DO\",\"isPartOf\":{\"@id\":\"https:\/\/osteo-emelinegarcia.fr\/#website\"},\"datePublished\":\"2015-11-27T18:18:38+00:00\",\"dateModified\":\"2025-10-03T08:42:32+00:00\",\"breadcrumb\":{\"@id\":\"https:\/\/osteo-emelinegarcia.fr\/index.php\/consultation-tarif\/#breadcrumb\"},\"inLanguage\":\"fr-FR\",\"potentialAction\":[{\"@type\":\"ReadAction\",\"target\":[\"https:\/\/osteo-emelinegarcia.fr\/index.php\/consultation-tarif\/\"]}]},{\"@type\":\"BreadcrumbList\",\"@id\":\"https:\/\/osteo-emelinegarcia.fr\/index.php\/consultation-tarif\/#breadcrumb\",\"itemListElement\":[{\"@type\":\"ListItem\",\"position\":1,\"name\":\"Accueil\",\"item\":\"https:\/\/osteo-emelinegarcia.fr\/\"},{\"@type\":\"ListItem\",\"position\":2,\"name\":\"La consultation &#8211; Tarifs\"}]}]}<\/script>\n<!-- \/ Yoast SEO plugin. -->","yoast_head_json":{"title":"La consultation - Tarifs - Emeline Martin Garcia Ost\u00e9opathe DO","robots":{"index":"index","follow":"follow","max-snippet":"max-snippet:-1","max-image-preview":"max-image-preview:large","max-video-preview":"max-video-preview:-1"},"canonical":"https:\/\/osteo-emelinegarcia.fr\/index.php\/consultation-tarif\/","og_locale":"fr_FR","og_type":"article","og_title":"La consultation - Tarifs - Emeline Martin Garcia Ost\u00e9opathe DO","og_description":"La consultation d&rsquo;ost\u00e9opathie Lors de la\u00a0premi\u00e8re rencontre, votre ost\u00e9opathe r\u00e9alisera une anamn\u00e8se, c&rsquo;est \u00e0 dire un interrogatoire pouss\u00e9 qui lui permettra de faire la synth\u00e8se de votre \u00e9tat de sant\u00e9 : L&rsquo;historique des traumatismes, des pathologies et des contraintes diverses (travail, sports&#8230;) peut effectivement contribuer \u00e0 expliquer l&rsquo;apparition de vos sympt\u00f4mes. Votre ost\u00e9opathe, dans une [&hellip;]","og_url":"https:\/\/osteo-emelinegarcia.fr\/index.php\/consultation-tarif\/","og_site_name":"Emeline Martin Garcia Ost\u00e9opathe DO","article_modified_time":"2025-10-03T08:42:32+00:00","twitter_card":"summary","twitter_misc":{"Dur\u00e9e de lecture est.":"2 minutes"},"schema":{"@context":"https:\/\/schema.org","@graph":[{"@type":"WebSite","@id":"https:\/\/osteo-emelinegarcia.fr\/#website","url":"https:\/\/osteo-emelinegarcia.fr\/","name":"Emeline Martin Garcia Ost\u00e9opathe DO","description":"","potentialAction":[{"@type":"SearchAction","target":{"@type":"EntryPoint","urlTemplate":"https:\/\/osteo-emelinegarcia.fr\/?s={search_term_string}"},"query-input":"required name=search_term_string"}],"inLanguage":"fr-FR"},{"@type":"WebPage","@id":"https:\/\/osteo-emelinegarcia.fr\/index.php\/consultation-tarif\/#webpage","url":"https:\/\/osteo-emelinegarcia.fr\/index.php\/consultation-tarif\/","name":"La consultation - Tarifs - Emeline Martin Garcia Ost\u00e9opathe DO","isPartOf":{"@id":"https:\/\/osteo-emelinegarcia.fr\/#website"},"datePublished":"2015-11-27T18:18:38+00:00","dateModified":"2025-10-03T08:42:32+00:00","breadcrumb":{"@id":"https:\/\/osteo-emelinegarcia.fr\/index.php\/consultation-tarif\/#breadcrumb"},"inLanguage":"fr-FR","potentialAction":[{"@type":"ReadAction","target":["https:\/\/osteo-emelinegarcia.fr\/index.php\/consultation-tarif\/"]}]},{"@type":"BreadcrumbList","@id":"https:\/\/osteo-emelinegarcia.fr\/index.php\/consultation-tarif\/#breadcrumb","itemListElement":[{"@type":"ListItem","position":1,"name":"Accueil","item":"https:\/\/osteo-emelinegarcia.fr\/"},{"@type":"ListItem","position":2,"name":"La consultation &#8211; Tarifs"}]}]}},"_links":{"self":[{"href":"https:\/\/osteo-emelinegarcia.fr\/index.php\/wp-json\/wp\/v2\/pages\/2"}],"collection":[{"href":"https:\/\/osteo-emelinegarcia.fr\/index.php\/wp-json\/wp\/v2\/pages"}],"about":[{"href":"https:\/\/osteo-emelinegarcia.fr\/index.php\/wp-json\/wp\/v2\/types\/page"}],"author":[{"embeddable":true,"href":"https:\/\/osteo-emelinegarcia.fr\/index.php\/wp-json\/wp\/v2\/users\/1"}],"replies":[{"embeddable":true,"href":"https:\/\/osteo-emelinegarcia.fr\/index.php\/wp-json\/wp\/v2\/comments?post=2"}],"version-history":[{"count":18,"href":"https:\/\/osteo-emelinegarcia.fr\/index.php\/wp-json\/wp\/v2\/pages\/2\/revisions"}],"predecessor-version":[{"id":207,"href":"https:\/\/osteo-emelinegarcia.fr\/index.php\/wp-json\/wp\/v2\/pages\/2\/revisions\/207"}],"wp:attachment":[{"href":"https:\/\/osteo-emelinegarcia.fr\/index.php\/wp-json\/wp\/v2\/media?parent=2"}],"curies":[{"name":"wp","href":"https:\/\/api.w.org\/{rel}","templated":true}]}}